{"id":438,"date":"2023-03-20T14:22:57","date_gmt":"2023-03-20T13:22:57","guid":{"rendered":"https:\/\/www.ceralep.fr\/?page_id=438"},"modified":"2023-06-29T12:01:15","modified_gmt":"2023-06-29T10:01:15","slug":"accueil","status":"publish","type":"page","link":"https:\/\/www.ceralep.fr\/de\/","title":{"rendered":"Stratseite"},"content":{"rendered":"","protected":false},"excerpt":{"rendered":"","protected":false},"author":1,"featured_media":0,"parent":0,"menu_order":0,"comment_status":"closed","ping_status":"closed","template":"","meta":{"footnotes":""},"class_list":["post-438","page","type-page","status-publish","hentry"],"yoast_head":"<!-- This site is optimized with the Yoast SEO plugin v27.3 - https:\/\/yoast.com\/product\/yoast-seo-wordpress\/ -->\n<title>Ceralep SN | Hersteller von Keramikisolatoren f\u00fcr Hochspannungsleitungen<\/title>\n<meta name=\"description\" content=\"Erfahren Sie mehr \u00fcber Ceralep SN, einem franz\u00f6sischen Hersteller von elektrischen Keramikisolatoren zur Isolierung von Hoch- und H\u00f6chstspannungsleitungen\" \/>\n<meta name=\"robots\" content=\"index, follow, max-snippet:-1, max-image-preview:large, max-video-preview:-1\" \/>\n<link rel=\"canonical\" href=\"https:\/\/www.ceralep.fr\/de\/\" \/>\n<meta property=\"og:locale\" content=\"de_DE\" \/>\n<meta property=\"og:type\" content=\"article\" \/>\n<meta property=\"og:title\" content=\"Ceralep SN | Hersteller von Keramikisolatoren f\u00fcr Hochspannungsleitungen\" \/>\n<meta property=\"og:description\" content=\"Erfahren Sie mehr \u00fcber Ceralep SN, einem franz\u00f6sischen Hersteller von elektrischen Keramikisolatoren zur Isolierung von Hoch- und H\u00f6chstspannungsleitungen\" \/>\n<meta property=\"og:url\" content=\"https:\/\/www.ceralep.fr\/de\/\" \/>\n<meta property=\"og:site_name\" content=\"Ceralep SN\" \/>\n<meta property=\"article:modified_time\" content=\"2023-06-29T10:01:15+00:00\" \/>\n<meta property=\"og:image\" content=\"https:\/\/www.ceralep.fr\/wp-content\/uploads\/2023\/06\/IE-Ceralep.jpg\" \/>\n\t<meta property=\"og:image:width\" content=\"1200\" \/>\n\t<meta property=\"og:image:height\" content=\"630\" \/>\n\t<meta property=\"og:image:type\" content=\"image\/jpeg\" \/>\n<meta name=\"twitter:card\" content=\"summary_large_image\" \/>\n<script type=\"application\/ld+json\" class=\"yoast-schema-graph\">{\"@context\":\"https:\\\/\\\/schema.org\",\"@graph\":[{\"@type\":\"WebPage\",\"@id\":\"https:\\\/\\\/www.ceralep.fr\\\/de\\\/\",\"url\":\"https:\\\/\\\/www.ceralep.fr\\\/de\\\/\",\"name\":\"Ceralep SN | Hersteller von Keramikisolatoren f\u00fcr Hochspannungsleitungen\",\"isPartOf\":{\"@id\":\"https:\\\/\\\/www.ceralep.fr\\\/#website\"},\"datePublished\":\"2023-03-20T13:22:57+00:00\",\"dateModified\":\"2023-06-29T10:01:15+00:00\",\"description\":\"Erfahren Sie mehr \u00fcber Ceralep SN, einem franz\u00f6sischen Hersteller von elektrischen Keramikisolatoren zur Isolierung von Hoch- und H\u00f6chstspannungsleitungen\",\"breadcrumb\":{\"@id\":\"https:\\\/\\\/www.ceralep.fr\\\/de\\\/#breadcrumb\"},\"inLanguage\":\"de\",\"potentialAction\":[{\"@type\":\"ReadAction\",\"target\":[\"https:\\\/\\\/www.ceralep.fr\\\/de\\\/\"]}]},{\"@type\":\"BreadcrumbList\",\"@id\":\"https:\\\/\\\/www.ceralep.fr\\\/de\\\/#breadcrumb\",\"itemListElement\":[{\"@type\":\"ListItem\",\"position\":1,\"name\":\"Home\",\"item\":\"https:\\\/\\\/www.ceralep.fr\\\/de\\\/\"},{\"@type\":\"ListItem\",\"position\":2,\"name\":\"Stratseite\"}]},{\"@type\":\"WebSite\",\"@id\":\"https:\\\/\\\/www.ceralep.fr\\\/#website\",\"url\":\"https:\\\/\\\/www.ceralep.fr\\\/\",\"name\":\"Ceralep SN\",\"description\":\"\",\"potentialAction\":[{\"@type\":\"SearchAction\",\"target\":{\"@type\":\"EntryPoint\",\"urlTemplate\":\"https:\\\/\\\/www.ceralep.fr\\\/?s={search_term_string}\"},\"query-input\":{\"@type\":\"PropertyValueSpecification\",\"valueRequired\":true,\"valueName\":\"search_term_string\"}}],\"inLanguage\":\"de\"}]}<\/script>\n<!-- \/ Yoast SEO plugin. -->","yoast_head_json":{"title":"Ceralep SN | Hersteller von Keramikisolatoren f\u00fcr Hochspannungsleitungen","description":"Erfahren Sie mehr \u00fcber Ceralep SN, einem franz\u00f6sischen Hersteller von elektrischen Keramikisolatoren zur Isolierung von Hoch- und H\u00f6chstspannungsleitungen","robots":{"index":"index","follow":"follow","max-snippet":"max-snippet:-1","max-image-preview":"max-image-preview:large","max-video-preview":"max-video-preview:-1"},"canonical":"https:\/\/www.ceralep.fr\/de\/","og_locale":"de_DE","og_type":"article","og_title":"Ceralep SN | Hersteller von Keramikisolatoren f\u00fcr Hochspannungsleitungen","og_description":"Erfahren Sie mehr \u00fcber Ceralep SN, einem franz\u00f6sischen Hersteller von elektrischen Keramikisolatoren zur Isolierung von Hoch- und H\u00f6chstspannungsleitungen","og_url":"https:\/\/www.ceralep.fr\/de\/","og_site_name":"Ceralep SN","article_modified_time":"2023-06-29T10:01:15+00:00","og_image":[{"width":1200,"height":630,"url":"https:\/\/www.ceralep.fr\/wp-content\/uploads\/2023\/06\/IE-Ceralep.jpg","type":"image\/jpeg"}],"twitter_card":"summary_large_image","schema":{"@context":"https:\/\/schema.org","@graph":[{"@type":"WebPage","@id":"https:\/\/www.ceralep.fr\/de\/","url":"https:\/\/www.ceralep.fr\/de\/","name":"Ceralep SN | Hersteller von Keramikisolatoren f\u00fcr Hochspannungsleitungen","isPartOf":{"@id":"https:\/\/www.ceralep.fr\/#website"},"datePublished":"2023-03-20T13:22:57+00:00","dateModified":"2023-06-29T10:01:15+00:00","description":"Erfahren Sie mehr \u00fcber Ceralep SN, einem franz\u00f6sischen Hersteller von elektrischen Keramikisolatoren zur Isolierung von Hoch- und H\u00f6chstspannungsleitungen","breadcrumb":{"@id":"https:\/\/www.ceralep.fr\/de\/#breadcrumb"},"inLanguage":"de","potentialAction":[{"@type":"ReadAction","target":["https:\/\/www.ceralep.fr\/de\/"]}]},{"@type":"BreadcrumbList","@id":"https:\/\/www.ceralep.fr\/de\/#breadcrumb","itemListElement":[{"@type":"ListItem","position":1,"name":"Home","item":"https:\/\/www.ceralep.fr\/de\/"},{"@type":"ListItem","position":2,"name":"Stratseite"}]},{"@type":"WebSite","@id":"https:\/\/www.ceralep.fr\/#website","url":"https:\/\/www.ceralep.fr\/","name":"Ceralep SN","description":"","potentialAction":[{"@type":"SearchAction","target":{"@type":"EntryPoint","urlTemplate":"https:\/\/www.ceralep.fr\/?s={search_term_string}"},"query-input":{"@type":"PropertyValueSpecification","valueRequired":true,"valueName":"search_term_string"}}],"inLanguage":"de"}]}},"_links":{"self":[{"href":"https:\/\/www.ceralep.fr\/de\/wp-json\/wp\/v2\/pages\/438","targetHints":{"allow":["GET"]}}],"collection":[{"href":"https:\/\/www.ceralep.fr\/de\/wp-json\/wp\/v2\/pages"}],"about":[{"href":"https:\/\/www.ceralep.fr\/de\/wp-json\/wp\/v2\/types\/page"}],"author":[{"embeddable":true,"href":"https:\/\/www.ceralep.fr\/de\/wp-json\/wp\/v2\/users\/1"}],"replies":[{"embeddable":true,"href":"https:\/\/www.ceralep.fr\/de\/wp-json\/wp\/v2\/comments?post=438"}],"version-history":[{"count":6,"href":"https:\/\/www.ceralep.fr\/de\/wp-json\/wp\/v2\/pages\/438\/revisions"}],"predecessor-version":[{"id":479,"href":"https:\/\/www.ceralep.fr\/de\/wp-json\/wp\/v2\/pages\/438\/revisions\/479"}],"wp:attachment":[{"href":"https:\/\/www.ceralep.fr\/de\/wp-json\/wp\/v2\/media?parent=438"}],"curies":[{"name":"wp","href":"https:\/\/api.w.org\/{rel}","templated":true}]}}