{"id":458,"date":"2023-03-20T14:53:38","date_gmt":"2023-03-20T13:53:38","guid":{"rendered":"https:\/\/www.ceralep.fr\/produits-services-isolateurs-electrique-ferroviaire-transformateurs\/"},"modified":"2023-06-29T12:01:26","modified_gmt":"2023-06-29T10:01:26","slug":"produkte-dienstleistungen","status":"publish","type":"page","link":"https:\/\/www.ceralep.fr\/de\/produkte-dienstleistungen\/","title":{"rendered":"Produkte &#038; Dienstleistungen"},"content":{"rendered":"","protected":false},"excerpt":{"rendered":"","protected":false},"author":1,"featured_media":0,"parent":0,"menu_order":0,"comment_status":"closed","ping_status":"closed","template":"","meta":{"footnotes":""},"class_list":["post-458","page","type-page","status-publish","hentry"],"yoast_head":"<!-- This site is optimized with the Yoast SEO plugin v27.5 - https:\/\/yoast.com\/product\/yoast-seo-wordpress\/ -->\n<title>Ceralep SN | Produkte &amp; Dienstleistungen<\/title>\n<meta name=\"description\" content=\"Alle Produkte und Dienstleistungen des Unternehmens Ceralep SN im \u00dcberblick: Massive St\u00fctzisolatoren, Hohlisolatoren f\u00fcr Hochspannungsger\u00e4te, Isolatoren f\u00fcr Bahnoberleitungen, Elektrofilter-Isolatoren ...\" \/>\n<meta name=\"robots\" content=\"index, follow, max-snippet:-1, max-image-preview:large, max-video-preview:-1\" \/>\n<link rel=\"canonical\" href=\"https:\/\/www.ceralep.fr\/de\/produkte-dienstleistungen\/\" \/>\n<meta property=\"og:locale\" content=\"de_DE\" \/>\n<meta property=\"og:type\" content=\"article\" \/>\n<meta property=\"og:title\" content=\"Ceralep SN | Produkte &amp; Dienstleistungen\" \/>\n<meta property=\"og:description\" content=\"Alle Produkte und Dienstleistungen des Unternehmens Ceralep SN im \u00dcberblick: Massive St\u00fctzisolatoren, Hohlisolatoren f\u00fcr Hochspannungsger\u00e4te, Isolatoren f\u00fcr Bahnoberleitungen, Elektrofilter-Isolatoren ...\" \/>\n<meta property=\"og:url\" content=\"https:\/\/www.ceralep.fr\/de\/produkte-dienstleistungen\/\" \/>\n<meta property=\"og:site_name\" content=\"Ceralep SN\" \/>\n<meta property=\"article:modified_time\" content=\"2023-06-29T10:01:26+00:00\" \/>\n<meta property=\"og:image\" content=\"https:\/\/www.ceralep.fr\/wp-content\/uploads\/2023\/06\/IE-Ceralep.jpg\" \/>\n\t<meta property=\"og:image:width\" content=\"1200\" \/>\n\t<meta property=\"og:image:height\" content=\"630\" \/>\n\t<meta property=\"og:image:type\" content=\"image\/jpeg\" \/>\n<meta name=\"twitter:card\" content=\"summary_large_image\" \/>\n<script type=\"application\/ld+json\" class=\"yoast-schema-graph\">{\"@context\":\"https:\\\/\\\/schema.org\",\"@graph\":[{\"@type\":\"WebPage\",\"@id\":\"https:\\\/\\\/www.ceralep.fr\\\/de\\\/produkte-dienstleistungen\\\/\",\"url\":\"https:\\\/\\\/www.ceralep.fr\\\/de\\\/produkte-dienstleistungen\\\/\",\"name\":\"Ceralep SN | Produkte & Dienstleistungen\",\"isPartOf\":{\"@id\":\"https:\\\/\\\/www.ceralep.fr\\\/#website\"},\"datePublished\":\"2023-03-20T13:53:38+00:00\",\"dateModified\":\"2023-06-29T10:01:26+00:00\",\"description\":\"Alle Produkte und Dienstleistungen des Unternehmens Ceralep SN im \u00dcberblick: Massive St\u00fctzisolatoren, Hohlisolatoren f\u00fcr Hochspannungsger\u00e4te, Isolatoren f\u00fcr Bahnoberleitungen, Elektrofilter-Isolatoren ...\",\"breadcrumb\":{\"@id\":\"https:\\\/\\\/www.ceralep.fr\\\/de\\\/produkte-dienstleistungen\\\/#breadcrumb\"},\"inLanguage\":\"de\",\"potentialAction\":[{\"@type\":\"ReadAction\",\"target\":[\"https:\\\/\\\/www.ceralep.fr\\\/de\\\/produkte-dienstleistungen\\\/\"]}]},{\"@type\":\"BreadcrumbList\",\"@id\":\"https:\\\/\\\/www.ceralep.fr\\\/de\\\/produkte-dienstleistungen\\\/#breadcrumb\",\"itemListElement\":[{\"@type\":\"ListItem\",\"position\":1,\"name\":\"Home\",\"item\":\"https:\\\/\\\/www.ceralep.fr\\\/de\\\/\"},{\"@type\":\"ListItem\",\"position\":2,\"name\":\"Produkte &#038; Dienstleistungen\"}]},{\"@type\":\"WebSite\",\"@id\":\"https:\\\/\\\/www.ceralep.fr\\\/#website\",\"url\":\"https:\\\/\\\/www.ceralep.fr\\\/\",\"name\":\"Ceralep SN\",\"description\":\"\",\"potentialAction\":[{\"@type\":\"SearchAction\",\"target\":{\"@type\":\"EntryPoint\",\"urlTemplate\":\"https:\\\/\\\/www.ceralep.fr\\\/?s={search_term_string}\"},\"query-input\":{\"@type\":\"PropertyValueSpecification\",\"valueRequired\":true,\"valueName\":\"search_term_string\"}}],\"inLanguage\":\"de\"}]}<\/script>\n<!-- \/ Yoast SEO plugin. -->","yoast_head_json":{"title":"Ceralep SN | Produkte & Dienstleistungen","description":"Alle Produkte und Dienstleistungen des Unternehmens Ceralep SN im \u00dcberblick: Massive St\u00fctzisolatoren, Hohlisolatoren f\u00fcr Hochspannungsger\u00e4te, Isolatoren f\u00fcr Bahnoberleitungen, Elektrofilter-Isolatoren ...","robots":{"index":"index","follow":"follow","max-snippet":"max-snippet:-1","max-image-preview":"max-image-preview:large","max-video-preview":"max-video-preview:-1"},"canonical":"https:\/\/www.ceralep.fr\/de\/produkte-dienstleistungen\/","og_locale":"de_DE","og_type":"article","og_title":"Ceralep SN | Produkte & Dienstleistungen","og_description":"Alle Produkte und Dienstleistungen des Unternehmens Ceralep SN im \u00dcberblick: Massive St\u00fctzisolatoren, Hohlisolatoren f\u00fcr Hochspannungsger\u00e4te, Isolatoren f\u00fcr Bahnoberleitungen, Elektrofilter-Isolatoren ...","og_url":"https:\/\/www.ceralep.fr\/de\/produkte-dienstleistungen\/","og_site_name":"Ceralep SN","article_modified_time":"2023-06-29T10:01:26+00:00","og_image":[{"width":1200,"height":630,"url":"https:\/\/www.ceralep.fr\/wp-content\/uploads\/2023\/06\/IE-Ceralep.jpg","type":"image\/jpeg"}],"twitter_card":"summary_large_image","schema":{"@context":"https:\/\/schema.org","@graph":[{"@type":"WebPage","@id":"https:\/\/www.ceralep.fr\/de\/produkte-dienstleistungen\/","url":"https:\/\/www.ceralep.fr\/de\/produkte-dienstleistungen\/","name":"Ceralep SN | Produkte & Dienstleistungen","isPartOf":{"@id":"https:\/\/www.ceralep.fr\/#website"},"datePublished":"2023-03-20T13:53:38+00:00","dateModified":"2023-06-29T10:01:26+00:00","description":"Alle Produkte und Dienstleistungen des Unternehmens Ceralep SN im \u00dcberblick: Massive St\u00fctzisolatoren, Hohlisolatoren f\u00fcr Hochspannungsger\u00e4te, Isolatoren f\u00fcr Bahnoberleitungen, Elektrofilter-Isolatoren ...","breadcrumb":{"@id":"https:\/\/www.ceralep.fr\/de\/produkte-dienstleistungen\/#breadcrumb"},"inLanguage":"de","potentialAction":[{"@type":"ReadAction","target":["https:\/\/www.ceralep.fr\/de\/produkte-dienstleistungen\/"]}]},{"@type":"BreadcrumbList","@id":"https:\/\/www.ceralep.fr\/de\/produkte-dienstleistungen\/#breadcrumb","itemListElement":[{"@type":"ListItem","position":1,"name":"Home","item":"https:\/\/www.ceralep.fr\/de\/"},{"@type":"ListItem","position":2,"name":"Produkte &#038; Dienstleistungen"}]},{"@type":"WebSite","@id":"https:\/\/www.ceralep.fr\/#website","url":"https:\/\/www.ceralep.fr\/","name":"Ceralep SN","description":"","potentialAction":[{"@type":"SearchAction","target":{"@type":"EntryPoint","urlTemplate":"https:\/\/www.ceralep.fr\/?s={search_term_string}"},"query-input":{"@type":"PropertyValueSpecification","valueRequired":true,"valueName":"search_term_string"}}],"inLanguage":"de"}]}},"_links":{"self":[{"href":"https:\/\/www.ceralep.fr\/de\/wp-json\/wp\/v2\/pages\/458","targetHints":{"allow":["GET"]}}],"collection":[{"href":"https:\/\/www.ceralep.fr\/de\/wp-json\/wp\/v2\/pages"}],"about":[{"href":"https:\/\/www.ceralep.fr\/de\/wp-json\/wp\/v2\/types\/page"}],"author":[{"embeddable":true,"href":"https:\/\/www.ceralep.fr\/de\/wp-json\/wp\/v2\/users\/1"}],"replies":[{"embeddable":true,"href":"https:\/\/www.ceralep.fr\/de\/wp-json\/wp\/v2\/comments?post=458"}],"version-history":[{"count":2,"href":"https:\/\/www.ceralep.fr\/de\/wp-json\/wp\/v2\/pages\/458\/revisions"}],"predecessor-version":[{"id":476,"href":"https:\/\/www.ceralep.fr\/de\/wp-json\/wp\/v2\/pages\/458\/revisions\/476"}],"wp:attachment":[{"href":"https:\/\/www.ceralep.fr\/de\/wp-json\/wp\/v2\/media?parent=458"}],"curies":[{"name":"wp","href":"https:\/\/api.w.org\/{rel}","templated":true}]}}